{"id":84,"date":"2019-06-24T09:51:03","date_gmt":"2019-06-24T07:51:03","guid":{"rendered":"https:\/\/aocfroid.fr\/?page_id=84"},"modified":"2021-07-23T09:59:39","modified_gmt":"2021-07-23T07:59:39","slug":"buanderie","status":"publish","type":"page","link":"https:\/\/aocfroid.fr\/?page_id=84","title":{"rendered":"Buanderie"},"content":{"rendered":"\n<div class=\"wp-block-image\"><figure class=\"aligncenter is-resized\"><img loading=\"lazy\" src=\"https:\/\/aocfroid.fr\/wp-content\/uploads\/2019\/06\/depanneur-electromenager-depannage-dans-le-77-1024x684.jpg\" alt=\"\" class=\"wp-image-102\" width=\"282\" height=\"188\" srcset=\"https:\/\/aocfroid.fr\/wp-content\/uploads\/2019\/06\/depanneur-electromenager-depannage-dans-le-77-1024x684.jpg 1024w, https:\/\/aocfroid.fr\/wp-content\/uploads\/2019\/06\/depanneur-electromenager-depannage-dans-le-77-300x200.jpg 300w, https:\/\/aocfroid.fr\/wp-content\/uploads\/2019\/06\/depanneur-electromenager-depannage-dans-le-77-768x513.jpg 768w, https:\/\/aocfroid.fr\/wp-content\/uploads\/2019\/06\/depanneur-electromenager-depannage-dans-le-77.jpg 1617w\" sizes=\"(max-width: 282px) 100vw, 282px\" \/><\/figure><\/div>\n\n\n\n<p>La fourniture et le d\u00e9pannage du mat\u00e9riel de buanderie (LAVAGE DE LINGE) pour les h\u00f4tels, les maisons de retraite, les traiteurs, etc. :<\/p>\n\n\n\n<ul><li>Lave-linge<\/li><\/ul>\n\n\n\n<ul><li>Repasseuse <\/li><\/ul>\n\n\n\n<ul><li>Calandreuse<\/li><\/ul>\n","protected":false},"excerpt":{"rendered":"<p>La fourniture et le d\u00e9pannage du mat\u00e9riel de buanderie (LAVAGE DE LINGE) pour les h\u00f4tels, les maisons de retraite, les traiteurs, etc. : Lave-linge Repasseuse Calandreuse<\/p>\n","protected":false},"author":1,"featured_media":0,"parent":0,"menu_order":0,"comment_status":"closed","ping_status":"closed","template":"","meta":[],"_links":{"self":[{"href":"https:\/\/aocfroid.fr\/index.php?rest_route=\/wp\/v2\/pages\/84"}],"collection":[{"href":"https:\/\/aocfroid.fr\/index.php?rest_route=\/wp\/v2\/pages"}],"about":[{"href":"https:\/\/aocfroid.fr\/index.php?rest_route=\/wp\/v2\/types\/page"}],"author":[{"embeddable":true,"href":"https:\/\/aocfroid.fr\/index.php?rest_route=\/wp\/v2\/users\/1"}],"replies":[{"embeddable":true,"href":"https:\/\/aocfroid.fr\/index.php?rest_route=%2Fwp%2Fv2%2Fcomments&post=84"}],"version-history":[{"count":3,"href":"https:\/\/aocfroid.fr\/index.php?rest_route=\/wp\/v2\/pages\/84\/revisions"}],"predecessor-version":[{"id":174,"href":"https:\/\/aocfroid.fr\/index.php?rest_route=\/wp\/v2\/pages\/84\/revisions\/174"}],"wp:attachment":[{"href":"https:\/\/aocfroid.fr\/index.php?rest_route=%2Fwp%2Fv2%2Fmedia&parent=84"}],"curies":[{"name":"wp","href":"https:\/\/api.w.org\/{rel}","templated":true}]}}