{"id":82,"date":"2019-06-24T09:50:40","date_gmt":"2019-06-24T07:50:40","guid":{"rendered":"https:\/\/aocfroid.fr\/?page_id=82"},"modified":"2024-02-14T10:33:25","modified_gmt":"2024-02-14T09:33:25","slug":"clim-pompe-a-chaleur-particulier","status":"publish","type":"page","link":"https:\/\/aocfroid.fr\/?page_id=82","title":{"rendered":"Clim pompe \u00e0 chaleur et Froid pour particulier"},"content":{"rendered":"\n<p class=\"has-text-align-center has-vivid-green-cyan-color has-text-color has-medium-font-size\"><\/p>\n\n\n\n<div class=\"wp-block-image\"><figure class=\"aligncenter is-resized\"><img loading=\"lazy\" src=\"https:\/\/aocfroid.fr\/wp-content\/uploads\/2019\/06\/pompe-a-chaleur-air-eau-atlantic-11-kw-alfea-excellia-ai-monophase.jpg\" alt=\"\" class=\"wp-image-105\" width=\"191\" height=\"191\" srcset=\"https:\/\/aocfroid.fr\/wp-content\/uploads\/2019\/06\/pompe-a-chaleur-air-eau-atlantic-11-kw-alfea-excellia-ai-monophase.jpg 458w, https:\/\/aocfroid.fr\/wp-content\/uploads\/2019\/06\/pompe-a-chaleur-air-eau-atlantic-11-kw-alfea-excellia-ai-monophase-150x150.jpg 150w, https:\/\/aocfroid.fr\/wp-content\/uploads\/2019\/06\/pompe-a-chaleur-air-eau-atlantic-11-kw-alfea-excellia-ai-monophase-300x300.jpg 300w\" sizes=\"(max-width: 191px) 100vw, 191px\" \/><\/figure><\/div>\n\n\n\n<p>Le domaine du climatiseur, de la pompe \u00e0 chaleur et du chauffage piscine souffre d\u2019une carence de prestations dans l\u2019activit\u00e9 maintenance et d\u00e9pannage. Nous avons des techniciens habilit\u00e9s et autonomes pour intervenir sur toutes les marques de mat\u00e9riel. <\/p>\n\n\n\n<p>Nous avons la volont\u00e9 de ne pas nous lier avec des marques et des constructeurs pour rester ind\u00e9pendants. Cela nous permet d\u2019intervenir sur vos appareils quelle qu&#8217;en soit la marque Nous sommes donc capables de vous aider. <\/p>\n\n\n\n<p>Le particulier utilise d\u2019autres appareils li\u00e9s aux technologies du froid. Nous intervenons :<\/p>\n\n\n\n<ul><li><strong>Sur site<\/strong> pour les appareils non d\u00e9pla\u00e7ables (fix\u00e9s de mani\u00e8re d\u00e9finitive au b\u00e2ti). Exemple : un chauffe-eau thermodynamique.<\/li><\/ul>\n\n\n\n<ul><li><strong>En nos ateliers<\/strong> apr\u00e8s d\u00e9pose chez AOC froid pour les autres mat\u00e9riels (production de glace, cave \u00e0 vin, machine \u00e0 gla\u00e7ons etc.).<\/li><\/ul>\n","protected":false},"excerpt":{"rendered":"<p>Le domaine du climatiseur, de la pompe \u00e0 chaleur et du chauffage piscine souffre d\u2019une carence de prestations dans l\u2019activit\u00e9 maintenance et d\u00e9pannage. Nous avons des techniciens habilit\u00e9s et autonomes pour intervenir sur toutes les marques de mat\u00e9riel. Nous avons la volont\u00e9 de ne pas nous lier avec des marques et des constructeurs pour rester [&hellip;]<\/p>\n","protected":false},"author":1,"featured_media":0,"parent":0,"menu_order":0,"comment_status":"closed","ping_status":"closed","template":"","meta":[],"_links":{"self":[{"href":"https:\/\/aocfroid.fr\/index.php?rest_route=\/wp\/v2\/pages\/82"}],"collection":[{"href":"https:\/\/aocfroid.fr\/index.php?rest_route=\/wp\/v2\/pages"}],"about":[{"href":"https:\/\/aocfroid.fr\/index.php?rest_route=\/wp\/v2\/types\/page"}],"author":[{"embeddable":true,"href":"https:\/\/aocfroid.fr\/index.php?rest_route=\/wp\/v2\/users\/1"}],"replies":[{"embeddable":true,"href":"https:\/\/aocfroid.fr\/index.php?rest_route=%2Fwp%2Fv2%2Fcomments&post=82"}],"version-history":[{"count":8,"href":"https:\/\/aocfroid.fr\/index.php?rest_route=\/wp\/v2\/pages\/82\/revisions"}],"predecessor-version":[{"id":215,"href":"https:\/\/aocfroid.fr\/index.php?rest_route=\/wp\/v2\/pages\/82\/revisions\/215"}],"wp:attachment":[{"href":"https:\/\/aocfroid.fr\/index.php?rest_route=%2Fwp%2Fv2%2Fmedia&parent=82"}],"curies":[{"name":"wp","href":"https:\/\/api.w.org\/{rel}","templated":true}]}}