{"id":80,"date":"2019-06-24T09:50:01","date_gmt":"2019-06-24T07:50:01","guid":{"rendered":"https:\/\/aocfroid.fr\/?page_id=80"},"modified":"2021-07-23T09:57:32","modified_gmt":"2021-07-23T07:57:32","slug":"froid-pro","status":"publish","type":"page","link":"https:\/\/aocfroid.fr\/?page_id=80","title":{"rendered":"Froid Pro"},"content":{"rendered":"\n<div class=\"wp-block-image\"><figure class=\"aligncenter is-resized\"><img loading=\"lazy\" src=\"https:\/\/aocfroid.fr\/wp-content\/uploads\/2019\/06\/armoire-froide-grilles.jpg\" alt=\"\" class=\"wp-image-107\" width=\"215\" height=\"198\" srcset=\"https:\/\/aocfroid.fr\/wp-content\/uploads\/2019\/06\/armoire-froide-grilles.jpg 305w, https:\/\/aocfroid.fr\/wp-content\/uploads\/2019\/06\/armoire-froide-grilles-300x276.jpg 300w\" sizes=\"(max-width: 215px) 100vw, 215px\" \/><\/figure><\/div>\n\n\n\n<p>Nos comp\u00e9tences nous font intervenir pour d\u00e9panner ou vendre et installer sur :<\/p>\n\n\n\n<p>LES SITES INDUSTRIELS utilisant des refroidisseurs d\u2019eau, des climatisations de locaux techniques et de salle informatique ou laboratoire.<\/p>\n\n\n\n<p>LES LOCAUX DE VENTE utilisant des vitrines r\u00e9frig\u00e9r\u00e9es, des climatiseurs de bureaux ou de local de vente, ou des chambres froides de stockage. <\/p>\n\n\n\n<p>LES LOCAUX TERTIAIRES utilisant la climatisation et la technologie de pompe \u00e0 chaleur en bureaux et hall d\u2019accueil. <\/p>\n","protected":false},"excerpt":{"rendered":"<p>Nos comp\u00e9tences nous font intervenir pour d\u00e9panner ou vendre et installer sur : LES SITES INDUSTRIELS utilisant des refroidisseurs d\u2019eau, des climatisations de locaux techniques et de salle informatique ou laboratoire. LES LOCAUX DE VENTE utilisant des vitrines r\u00e9frig\u00e9r\u00e9es, des climatiseurs de bureaux ou de local de vente, ou des chambres froides de stockage. LES [&hellip;]<\/p>\n","protected":false},"author":1,"featured_media":0,"parent":0,"menu_order":0,"comment_status":"closed","ping_status":"closed","template":"","meta":[],"_links":{"self":[{"href":"https:\/\/aocfroid.fr\/index.php?rest_route=\/wp\/v2\/pages\/80"}],"collection":[{"href":"https:\/\/aocfroid.fr\/index.php?rest_route=\/wp\/v2\/pages"}],"about":[{"href":"https:\/\/aocfroid.fr\/index.php?rest_route=\/wp\/v2\/types\/page"}],"author":[{"embeddable":true,"href":"https:\/\/aocfroid.fr\/index.php?rest_route=\/wp\/v2\/users\/1"}],"replies":[{"embeddable":true,"href":"https:\/\/aocfroid.fr\/index.php?rest_route=%2Fwp%2Fv2%2Fcomments&post=80"}],"version-history":[{"count":3,"href":"https:\/\/aocfroid.fr\/index.php?rest_route=\/wp\/v2\/pages\/80\/revisions"}],"predecessor-version":[{"id":171,"href":"https:\/\/aocfroid.fr\/index.php?rest_route=\/wp\/v2\/pages\/80\/revisions\/171"}],"wp:attachment":[{"href":"https:\/\/aocfroid.fr\/index.php?rest_route=%2Fwp%2Fv2%2Fmedia&parent=80"}],"curies":[{"name":"wp","href":"https:\/\/api.w.org\/{rel}","templated":true}]}}