{"id":78,"date":"2019-06-24T09:49:37","date_gmt":"2019-06-24T07:49:37","guid":{"rendered":"https:\/\/aocfroid.fr\/?page_id=78"},"modified":"2023-02-07T09:53:31","modified_gmt":"2023-02-07T08:53:31","slug":"cuisine-pro","status":"publish","type":"page","link":"https:\/\/aocfroid.fr\/?page_id=78","title":{"rendered":"Cuisine Pro"},"content":{"rendered":"\n<p class=\"has-text-align-center has-vivid-green-cyan-color has-text-color has-medium-font-size\">Nous vous assistons tant en d\u00e9pannage que pour la\nproposition de mat\u00e9riels <\/p>\n\n\n\n<hr class=\"wp-block-separator\"\/>\n\n\n\n<div class=\"wp-block-media-text alignwide is-stacked-on-mobile\" style=\"grid-template-columns:10% auto\"><figure class=\"wp-block-media-text__media\"><img loading=\"lazy\" width=\"1024\" height=\"1024\" src=\"https:\/\/aocfroid.fr\/wp-content\/uploads\/2019\/06\/2-emoji-flamme_width1024.png\" alt=\"\" class=\"wp-image-109 size-full\" srcset=\"https:\/\/aocfroid.fr\/wp-content\/uploads\/2019\/06\/2-emoji-flamme_width1024.png 1024w, https:\/\/aocfroid.fr\/wp-content\/uploads\/2019\/06\/2-emoji-flamme_width1024-150x150.png 150w, https:\/\/aocfroid.fr\/wp-content\/uploads\/2019\/06\/2-emoji-flamme_width1024-300x300.png 300w, https:\/\/aocfroid.fr\/wp-content\/uploads\/2019\/06\/2-emoji-flamme_width1024-768x768.png 768w\" sizes=\"(max-width: 1024px) 100vw, 1024px\" \/><\/figure><div class=\"wp-block-media-text__content\">\n<p>\n\n\n\n\n\n\n\n\n\n\n\n\n\n\n\n\nCUISSON\ngaz ou \u00e9lectrique\n\n\n\n<\/p>\n<\/div><\/div>\n\n\n\n<p>Four\/Friteuse\/Marmite \/Sauteuse\/Salamandre \/Chauffe\nassiettes<\/p>\n\n\n\n<hr class=\"wp-block-separator\"\/>\n\n\n\n<div class=\"wp-block-media-text alignwide is-stacked-on-mobile\" style=\"grid-template-columns:10% auto\"><figure class=\"wp-block-media-text__media\"><img loading=\"lazy\" width=\"196\" height=\"257\" src=\"https:\/\/aocfroid.fr\/wp-content\/uploads\/2019\/06\/t\u00e9l\u00e9chargement.jpeg\" alt=\"\" class=\"wp-image-110 size-full\"\/><\/figure><div class=\"wp-block-media-text__content\">\n<p>\n\n\n\n\n\n\n\n\n\n\n\n\n\n\n\n\nLAVAGE\nDE LA VAISSELLE \n\n\n\n<\/p>\n<\/div><\/div>\n\n\n\n<p>Du lave-verres de bar au tunnel de lavage de collectivit\u00e9\navec la comp\u00e9tence de traitement de l\u2019eau (adoucisseur, osmoseur etc.) <\/p>\n\n\n\n<hr class=\"wp-block-separator\"\/>\n\n\n\n<div class=\"wp-block-media-text alignwide is-stacked-on-mobile\" style=\"grid-template-columns:10% auto\"><figure class=\"wp-block-media-text__media\"><img loading=\"lazy\" width=\"720\" height=\"720\" src=\"https:\/\/aocfroid.fr\/wp-content\/uploads\/2019\/06\/bow-1831698_960_720.png\" alt=\"\" class=\"wp-image-112 size-full\" srcset=\"https:\/\/aocfroid.fr\/wp-content\/uploads\/2019\/06\/bow-1831698_960_720.png 720w, https:\/\/aocfroid.fr\/wp-content\/uploads\/2019\/06\/bow-1831698_960_720-150x150.png 150w, https:\/\/aocfroid.fr\/wp-content\/uploads\/2019\/06\/bow-1831698_960_720-300x300.png 300w\" sizes=\"(max-width: 720px) 100vw, 720px\" \/><\/figure><div class=\"wp-block-media-text__content\">\n<p>\n\nFROID&nbsp; &nbsp;\n\n<\/p>\n<\/div><\/div>\n\n\n\n<p>Vitrine de self-service \/Chambre froide \/Machine \u00e0 gla\u00e7ons <\/p>\n\n\n\n<hr class=\"wp-block-separator\"\/>\n\n\n\n<div class=\"wp-block-media-text alignwide is-stacked-on-mobile\" style=\"grid-template-columns:10% auto\"><figure class=\"wp-block-media-text__media\"><img loading=\"lazy\" width=\"675\" height=\"720\" src=\"https:\/\/aocfroid.fr\/wp-content\/uploads\/2019\/06\/gears-2002726_960_720.jpg\" alt=\"\" class=\"wp-image-113 size-full\" srcset=\"https:\/\/aocfroid.fr\/wp-content\/uploads\/2019\/06\/gears-2002726_960_720.jpg 675w, https:\/\/aocfroid.fr\/wp-content\/uploads\/2019\/06\/gears-2002726_960_720-281x300.jpg 281w\" sizes=\"(max-width: 675px) 100vw, 675px\" \/><\/figure><div class=\"wp-block-media-text__content\">\n<p> MAT\u00c9RIEL ANNEXE  <\/p>\n<\/div><\/div>\n\n\n\n<p>Trancheur \/Eplucheuse\/ Hotte \/Etc.<\/p>\n\n\n\n<figure class=\"wp-block-image size-large\"><img loading=\"lazy\" width=\"1024\" height=\"768\" src=\"https:\/\/aocfroid.fr\/wp-content\/uploads\/2023\/02\/LIGNE-DE-SELF-3-1024x768.jpg\" alt=\"\" class=\"wp-image-190\" srcset=\"https:\/\/aocfroid.fr\/wp-content\/uploads\/2023\/02\/LIGNE-DE-SELF-3-1024x768.jpg 1024w, https:\/\/aocfroid.fr\/wp-content\/uploads\/2023\/02\/LIGNE-DE-SELF-3-300x225.jpg 300w, https:\/\/aocfroid.fr\/wp-content\/uploads\/2023\/02\/LIGNE-DE-SELF-3-768x576.jpg 768w, https:\/\/aocfroid.fr\/wp-content\/uploads\/2023\/02\/LIGNE-DE-SELF-3-1536x1152.jpg 1536w, https:\/\/aocfroid.fr\/wp-content\/uploads\/2023\/02\/LIGNE-DE-SELF-3-2048x1536.jpg 2048w\" sizes=\"(max-width: 1024px) 100vw, 1024px\" \/><\/figure>\n","protected":false},"excerpt":{"rendered":"<p>Nous vous assistons tant en d\u00e9pannage que pour la proposition de mat\u00e9riels CUISSON gaz ou \u00e9lectrique Four\/Friteuse\/Marmite \/Sauteuse\/Salamandre \/Chauffe assiettes LAVAGE DE LA VAISSELLE Du lave-verres de bar au tunnel de lavage de collectivit\u00e9 avec la comp\u00e9tence de traitement de l\u2019eau (adoucisseur, osmoseur etc.) FROID&nbsp; &nbsp; Vitrine de self-service \/Chambre froide \/Machine \u00e0 gla\u00e7ons MAT\u00c9RIEL [&hellip;]<\/p>\n","protected":false},"author":1,"featured_media":0,"parent":0,"menu_order":0,"comment_status":"closed","ping_status":"closed","template":"","meta":[],"_links":{"self":[{"href":"https:\/\/aocfroid.fr\/index.php?rest_route=\/wp\/v2\/pages\/78"}],"collection":[{"href":"https:\/\/aocfroid.fr\/index.php?rest_route=\/wp\/v2\/pages"}],"about":[{"href":"https:\/\/aocfroid.fr\/index.php?rest_route=\/wp\/v2\/types\/page"}],"author":[{"embeddable":true,"href":"https:\/\/aocfroid.fr\/index.php?rest_route=\/wp\/v2\/users\/1"}],"replies":[{"embeddable":true,"href":"https:\/\/aocfroid.fr\/index.php?rest_route=%2Fwp%2Fv2%2Fcomments&post=78"}],"version-history":[{"count":6,"href":"https:\/\/aocfroid.fr\/index.php?rest_route=\/wp\/v2\/pages\/78\/revisions"}],"predecessor-version":[{"id":191,"href":"https:\/\/aocfroid.fr\/index.php?rest_route=\/wp\/v2\/pages\/78\/revisions\/191"}],"wp:attachment":[{"href":"https:\/\/aocfroid.fr\/index.php?rest_route=%2Fwp%2Fv2%2Fmedia&parent=78"}],"curies":[{"name":"wp","href":"https:\/\/api.w.org\/{rel}","templated":true}]}}