{"id":39,"date":"2019-06-14T15:48:22","date_gmt":"2019-06-14T13:48:22","guid":{"rendered":"http:\/\/aocfroid.fr\/?page_id=39"},"modified":"2024-10-14T11:20:40","modified_gmt":"2024-10-14T09:20:40","slug":"pr2sentation","status":"publish","type":"page","link":"https:\/\/aocfroid.fr\/?page_id=39","title":{"rendered":"Pr\u00e9sentation"},"content":{"rendered":"\n<p>Apr\u00e8s de longues ann\u00e9es d&#8217;exp\u00e9rience dans le d\u00e9pannage et la maintenance du mat\u00e9riel de cuisines professionnelles, AOC FROID vous garantit une intervention ou maintenance rapide et efficace pour vous apporter la s\u00e9r\u00e9nit\u00e9 et le confort pour votre activit\u00e9. AOC FROID r\u00e9alise l&#8217;installation et l&#8217;entretien des \u00e9quipements professionnels dans le domaine du chaud et du froid commercial. Nos techniciens sont qualifi\u00e9s pour des d\u00e9pannages rapides sur tous types d&#8217;appareils de cuisines professionnelles, de climatisation et de ventilation.<\/p>\n\n\n\n<figure class=\"wp-block-gallery columns-3 is-cropped\"><ul class=\"blocks-gallery-grid\"><li class=\"blocks-gallery-item\"><figure><img loading=\"lazy\" width=\"1024\" height=\"294\" src=\"http:\/\/aocfroid.fr\/wp-content\/uploads\/2019\/06\/Frigoriste-WorldSkills-1-1024x294.jpg\" alt=\"\" data-id=\"42\" data-link=\"http:\/\/aocfroid.fr\/?attachment_id=42\" class=\"wp-image-42\" srcset=\"https:\/\/aocfroid.fr\/wp-content\/uploads\/2019\/06\/Frigoriste-WorldSkills-1-1024x294.jpg 1024w, https:\/\/aocfroid.fr\/wp-content\/uploads\/2019\/06\/Frigoriste-WorldSkills-1-300x86.jpg 300w, https:\/\/aocfroid.fr\/wp-content\/uploads\/2019\/06\/Frigoriste-WorldSkills-1-768x221.jpg 768w, https:\/\/aocfroid.fr\/wp-content\/uploads\/2019\/06\/Frigoriste-WorldSkills-1.jpg 1200w\" sizes=\"(max-width: 1024px) 100vw, 1024px\" \/><\/figure><\/li><li class=\"blocks-gallery-item\"><figure><img loading=\"lazy\" width=\"1024\" height=\"683\" src=\"http:\/\/aocfroid.fr\/wp-content\/uploads\/2019\/06\/froid_climatisation_system_03355000_093156028-1-1024x683.jpeg\" alt=\"\" data-id=\"43\" data-link=\"http:\/\/aocfroid.fr\/?attachment_id=43\" class=\"wp-image-43\" srcset=\"https:\/\/aocfroid.fr\/wp-content\/uploads\/2019\/06\/froid_climatisation_system_03355000_093156028-1.jpeg 1024w, https:\/\/aocfroid.fr\/wp-content\/uploads\/2019\/06\/froid_climatisation_system_03355000_093156028-1-300x200.jpeg 300w, https:\/\/aocfroid.fr\/wp-content\/uploads\/2019\/06\/froid_climatisation_system_03355000_093156028-1-768x512.jpeg 768w\" sizes=\"(max-width: 1024px) 100vw, 1024px\" \/><\/figure><\/li><li class=\"blocks-gallery-item\"><figure><img loading=\"lazy\" width=\"758\" height=\"506\" src=\"http:\/\/aocfroid.fr\/wp-content\/uploads\/2019\/06\/Lettre-de-motivation-pour-frigoriste-et-climaticien-dinstallation-et-de-maintenance-758x506-1.jpg\" alt=\"\" data-id=\"44\" data-link=\"http:\/\/aocfroid.fr\/?attachment_id=44\" class=\"wp-image-44\" srcset=\"https:\/\/aocfroid.fr\/wp-content\/uploads\/2019\/06\/Lettre-de-motivation-pour-frigoriste-et-climaticien-dinstallation-et-de-maintenance-758x506-1.jpg 758w, https:\/\/aocfroid.fr\/wp-content\/uploads\/2019\/06\/Lettre-de-motivation-pour-frigoriste-et-climaticien-dinstallation-et-de-maintenance-758x506-1-300x200.jpg 300w\" sizes=\"(max-width: 758px) 100vw, 758px\" \/><\/figure><\/li><li class=\"blocks-gallery-item\"><figure><img loading=\"lazy\" width=\"1024\" height=\"682\" src=\"http:\/\/aocfroid.fr\/wp-content\/uploads\/2019\/06\/media-frigoriste-metier-tout-1-1024x682.jpg\" alt=\"\" data-id=\"45\" data-link=\"http:\/\/aocfroid.fr\/?attachment_id=45\" class=\"wp-image-45\" srcset=\"https:\/\/aocfroid.fr\/wp-content\/uploads\/2019\/06\/media-frigoriste-metier-tout-1.jpg 1024w, https:\/\/aocfroid.fr\/wp-content\/uploads\/2019\/06\/media-frigoriste-metier-tout-1-300x200.jpg 300w, https:\/\/aocfroid.fr\/wp-content\/uploads\/2019\/06\/media-frigoriste-metier-tout-1-768x512.jpg 768w\" sizes=\"(max-width: 1024px) 100vw, 1024px\" \/><\/figure><\/li><li class=\"blocks-gallery-item\"><figure><img loading=\"lazy\" width=\"330\" height=\"250\" src=\"http:\/\/aocfroid.fr\/wp-content\/uploads\/2019\/06\/moteur-climatiseur-professionnel-1.jpg\" alt=\"\" data-id=\"46\" data-link=\"http:\/\/aocfroid.fr\/?attachment_id=46\" class=\"wp-image-46\" srcset=\"https:\/\/aocfroid.fr\/wp-content\/uploads\/2019\/06\/moteur-climatiseur-professionnel-1.jpg 330w, https:\/\/aocfroid.fr\/wp-content\/uploads\/2019\/06\/moteur-climatiseur-professionnel-1-300x227.jpg 300w\" sizes=\"(max-width: 330px) 100vw, 330px\" \/><\/figure><\/li><li class=\"blocks-gallery-item\"><figure><img loading=\"lazy\" width=\"640\" height=\"480\" src=\"http:\/\/aocfroid.fr\/wp-content\/uploads\/2019\/06\/mousse-desinfectante-climatisation-aero-nett-clim-008045690-product_zoom-1.jpg\" alt=\"\" data-id=\"47\" data-link=\"http:\/\/aocfroid.fr\/?attachment_id=47\" class=\"wp-image-47\" srcset=\"https:\/\/aocfroid.fr\/wp-content\/uploads\/2019\/06\/mousse-desinfectante-climatisation-aero-nett-clim-008045690-product_zoom-1.jpg 640w, https:\/\/aocfroid.fr\/wp-content\/uploads\/2019\/06\/mousse-desinfectante-climatisation-aero-nett-clim-008045690-product_zoom-1-300x225.jpg 300w\" sizes=\"(max-width: 640px) 100vw, 640px\" \/><\/figure><\/li><li class=\"blocks-gallery-item\"><figure><img loading=\"lazy\" width=\"750\" height=\"300\" src=\"http:\/\/aocfroid.fr\/wp-content\/uploads\/2019\/06\/salaire-frigoriste-1.jpg\" alt=\"\" data-id=\"48\" data-link=\"http:\/\/aocfroid.fr\/?attachment_id=48\" class=\"wp-image-48\" srcset=\"https:\/\/aocfroid.fr\/wp-content\/uploads\/2019\/06\/salaire-frigoriste-1.jpg 750w, https:\/\/aocfroid.fr\/wp-content\/uploads\/2019\/06\/salaire-frigoriste-1-300x120.jpg 300w\" sizes=\"(max-width: 750px) 100vw, 750px\" \/><\/figure><\/li><\/ul><\/figure>\n","protected":false},"excerpt":{"rendered":"<p>Apr\u00e8s de longues ann\u00e9es d&#8217;exp\u00e9rience dans le d\u00e9pannage et la maintenance du mat\u00e9riel de cuisines professionnelles, AOC FROID vous garantit une intervention ou maintenance rapide et efficace pour vous apporter la s\u00e9r\u00e9nit\u00e9 et le confort pour votre activit\u00e9. AOC FROID r\u00e9alise l&#8217;installation et l&#8217;entretien des \u00e9quipements professionnels dans le domaine du chaud et du froid [&hellip;]<\/p>\n","protected":false},"author":1,"featured_media":0,"parent":0,"menu_order":0,"comment_status":"closed","ping_status":"closed","template":"","meta":[],"_links":{"self":[{"href":"https:\/\/aocfroid.fr\/index.php?rest_route=\/wp\/v2\/pages\/39"}],"collection":[{"href":"https:\/\/aocfroid.fr\/index.php?rest_route=\/wp\/v2\/pages"}],"about":[{"href":"https:\/\/aocfroid.fr\/index.php?rest_route=\/wp\/v2\/types\/page"}],"author":[{"embeddable":true,"href":"https:\/\/aocfroid.fr\/index.php?rest_route=\/wp\/v2\/users\/1"}],"replies":[{"embeddable":true,"href":"https:\/\/aocfroid.fr\/index.php?rest_route=%2Fwp%2Fv2%2Fcomments&post=39"}],"version-history":[{"count":6,"href":"https:\/\/aocfroid.fr\/index.php?rest_route=\/wp\/v2\/pages\/39\/revisions"}],"predecessor-version":[{"id":228,"href":"https:\/\/aocfroid.fr\/index.php?rest_route=\/wp\/v2\/pages\/39\/revisions\/228"}],"wp:attachment":[{"href":"https:\/\/aocfroid.fr\/index.php?rest_route=%2Fwp%2Fv2%2Fmedia&parent=39"}],"curies":[{"name":"wp","href":"https:\/\/api.w.org\/{rel}","templated":true}]}}