{"id":2,"date":"2019-06-14T12:14:33","date_gmt":"2019-06-14T10:14:33","guid":{"rendered":"http:\/\/aocfroid.fr\/?page_id=2"},"modified":"2024-06-21T17:54:38","modified_gmt":"2024-06-21T15:54:38","slug":"page-d-exemple","status":"publish","type":"page","link":"https:\/\/aocfroid.fr\/?page_id=2","title":{"rendered":"Contact"},"content":{"rendered":"\n<p><\/p>\n\n\n\n<blockquote class=\"wp-block-quote\"><p> <strong>A.O.C Froid  <\/strong><br>924, rue de la C\u00e9ramique<br>Z.I. Secteur E<br>Aubevoye<br>27940 Le Val D&#8217;Hazey<\/p><p> <a href=\"https:\/\/www.google.com\/search?biw=1920&amp;bih=888&amp;q=a.o.c+froid+t%C3%A9l%C3%A9phone&amp;ludocid=15700794418038818078&amp;sa=X&amp;ved=2ahUKEwjV6rChiOniAhUhxYUKHdxZCTcQ6BMwEnoECBIQAg\">T\u00e9l\u00e9phone<\/a>\u00a0:\u00a0<a href=\"https:\/\/www.google.com\/search?biw=1920&amp;bih=888&amp;ei=Mp8DXdarF8OKlwSs4pPQCA&amp;q=aoc+froid&amp;oq=aoc+froid&amp;gs_l=psy-ab.3..35i39l2j38.1217.3306..3445...0.0..0.80.586.9......0....1..gws-wiz.......0i71j0i131j0j0i20i263.fSqmTb7YwAM#\">06 09 35 66 01 \/ 02 32 53 13<\/a> 51  <\/p><p>Email :  <a href=\"mailto:contact@aocfroid.fr\">contact@aocfroid.fr<\/a><\/p><\/blockquote>\n\n\n\n<iframe loading=\"lazy\" src=\"https:\/\/www.google.com\/maps\/embed?pb=!1m18!1m12!1m3!1d3102.1075038399144!2d1.3520347349916328!3d49.17112868263904!2m3!1f0!2f0!3f0!3m2!1i1024!2i768!4f13.1!3m3!1m2!1s0x47e1325ebc288907%3A0xbaaf234313f83b9a!2s4+Rue+de+la+C%C3%A9ramique%2C+27940+Aubevoye!5e0!3m2!1sfr!2sfr!4v1560519667743!5m2!1sfr!2sfr\" width=\"600\" height=\"450\" frameborder=\"0\" style=\"border:0\" allowfullscreen=\"\"><\/iframe>\n","protected":false},"excerpt":{"rendered":"<p>A.O.C Froid 924, rue de la C\u00e9ramiqueZ.I. Secteur EAubevoye27940 Le Val D&#8217;Hazey T\u00e9l\u00e9phone\u00a0:\u00a006 09 35 66 01 \/ 02 32 53 13 51 Email : contact@aocfroid.fr<\/p>\n","protected":false},"author":1,"featured_media":0,"parent":0,"menu_order":0,"comment_status":"closed","ping_status":"open","template":"","meta":[],"_links":{"self":[{"href":"https:\/\/aocfroid.fr\/index.php?rest_route=\/wp\/v2\/pages\/2"}],"collection":[{"href":"https:\/\/aocfroid.fr\/index.php?rest_route=\/wp\/v2\/pages"}],"about":[{"href":"https:\/\/aocfroid.fr\/index.php?rest_route=\/wp\/v2\/types\/page"}],"author":[{"embeddable":true,"href":"https:\/\/aocfroid.fr\/index.php?rest_route=\/wp\/v2\/users\/1"}],"replies":[{"embeddable":true,"href":"https:\/\/aocfroid.fr\/index.php?rest_route=%2Fwp%2Fv2%2Fcomments&post=2"}],"version-history":[{"count":17,"href":"https:\/\/aocfroid.fr\/index.php?rest_route=\/wp\/v2\/pages\/2\/revisions"}],"predecessor-version":[{"id":225,"href":"https:\/\/aocfroid.fr\/index.php?rest_route=\/wp\/v2\/pages\/2\/revisions\/225"}],"wp:attachment":[{"href":"https:\/\/aocfroid.fr\/index.php?rest_route=%2Fwp%2Fv2%2Fmedia&parent=2"}],"curies":[{"name":"wp","href":"https:\/\/api.w.org\/{rel}","templated":true}]}}